{"id":16,"date":"2023-02-07T16:58:22","date_gmt":"2023-02-07T15:58:22","guid":{"rendered":"https:\/\/www.gery-de-stefano.de\/?page_id=16"},"modified":"2025-06-04T18:01:49","modified_gmt":"2025-06-04T16:01:49","slug":"home","status":"publish","type":"page","link":"https:\/\/www.gery-de-stefano.de\/it\/","title":{"rendered":"Home"},"content":{"rendered":"\n<figure class=\"wp-block-image size-large\"><img loading=\"lazy\" decoding=\"async\" width=\"1024\" height=\"768\" src=\"https:\/\/www.gery-de-stefano.de\/it\/wp-content\/uploads\/sites\/3\/2023\/03\/P1050790-1024x768.jpg\" alt=\"\" class=\"wp-image-540\" srcset=\"https:\/\/www.gery-de-stefano.de\/it\/wp-content\/uploads\/sites\/3\/2023\/03\/P1050790-1024x768.jpg 1024w, https:\/\/www.gery-de-stefano.de\/it\/wp-content\/uploads\/sites\/3\/2023\/03\/P1050790-300x225.jpg 300w, https:\/\/www.gery-de-stefano.de\/it\/wp-content\/uploads\/sites\/3\/2023\/03\/P1050790-768x576.jpg 768w, https:\/\/www.gery-de-stefano.de\/it\/wp-content\/uploads\/sites\/3\/2023\/03\/P1050790-1536x1152.jpg 1536w, https:\/\/www.gery-de-stefano.de\/it\/wp-content\/uploads\/sites\/3\/2023\/03\/P1050790-2048x1536.jpg 2048w\" sizes=\"auto, (max-width: 1024px) 100vw, 1024px\" \/><\/figure>\n\n\n\n<p class=\"has-large-font-size\">Hallo! Willkommen! Ben arrivati! Welcome!<\/p>\n\n\n\n<p class=\"has-contrast-color has-pale-pink-background-color has-text-color has-background has-medium-font-size\"><strong>Siete invitati a venire con me, per scoprire le mie canzoni e le storie che stanno dietro di loro.<\/strong><br>Su &#8220;<strong>Home&#8221; <\/strong>sta scritto ci\u00f3 che mi muove in questo momento e chi sono.<br>Le prossime pagine troverete cliccando su segno <strong>= <\/strong>in alto di questa pagina<\/p>\n\n\n\n<p class=\"has-primary-background-color has-background has-small-font-size\">Novit\u00e0 troverete su <strong>&#8220;<\/strong><a href=\"https:\/\/www.gery-de-stefano.de\/it\/news\/\" data-type=\"page\" data-id=\"151\">News<\/a><strong>&#8220;<\/strong> (p.e. concerti svolti o in preparazione)<br><strong>ATTUALE: COLONIA, 14.06<\/strong><br><\/p>\n\n\n\n<p class=\"has-contrast-color has-pale-cyan-blue-background-color has-text-color has-background has-small-font-size\">La pagina <strong>&#8220;<\/strong><a href=\"https:\/\/www.gery-de-stefano.de\/it\/songs\/\" data-type=\"page\" data-id=\"19\">Songs<\/a><strong>&#8221; <\/strong>ti da un elenco delle mie canzoni, le pubblicazioni e ti porta con un &#8220;link&#8221; alle varie &#8220;storie&#8221;.<\/p>\n\n\n\n<p class=\"has-cyan-bluish-gray-background-color has-background has-small-font-size\">Su <strong>&#8220;<\/strong><a href=\"https:\/\/www.gery-de-stefano.de\/it\/songs\/stories\/\" data-type=\"page\" data-id=\"21\">Stories<\/a><strong>&#8221; <\/strong>trovate man mano le singole canzoni, come sono nate, il testo completo con gli accordi per chitarra e la colonna sonora.<\/p>\n\n\n\n<p class=\"has-pale-cyan-blue-background-color has-background has-small-font-size\"><strong>&#8220;<\/strong><a href=\"https:\/\/www.gery-de-stefano.de\/it\/lirica\/\" data-type=\"page\" data-id=\"23\">Lirica<\/a><strong>&#8220;<\/strong> \u00e8 una pagina con testi o idee mie o trovate che mi muovono. Forse ne crescer\u00e1 una nuova canzone &#8230;<\/p>\n\n\n\n<hr class=\"wp-block-separator has-alpha-channel-opacity\" \/>\n\n\n\n<p class=\"has-base-color has-contrast-background-color has-text-color has-background has-link-color has-medium-font-size wp-elements-6dda4fff94ad44e48ffe28379ffe33bc\"><strong>Impressione<\/strong><br>Il sudore del mondo (Der Schwei\u00df der Welt) <br>da Markus Ehrhardt<\/p>\n\n\n\n<figure class=\"wp-block-image size-large is-style-rounded\"><img loading=\"lazy\" decoding=\"async\" width=\"768\" height=\"1024\" src=\"https:\/\/www.gery-de-stefano.de\/it\/wp-content\/uploads\/sites\/3\/2025\/04\/Hans_Memling_Saint_Veronica_obverse_c._1470-1475_NGA_416591-768x1024.jpg\" alt=\"\" class=\"wp-image-1045\" srcset=\"https:\/\/www.gery-de-stefano.de\/it\/wp-content\/uploads\/sites\/3\/2025\/04\/Hans_Memling_Saint_Veronica_obverse_c._1470-1475_NGA_416591-768x1024.jpg 768w, https:\/\/www.gery-de-stefano.de\/it\/wp-content\/uploads\/sites\/3\/2025\/04\/Hans_Memling_Saint_Veronica_obverse_c._1470-1475_NGA_416591-225x300.jpg 225w, https:\/\/www.gery-de-stefano.de\/it\/wp-content\/uploads\/sites\/3\/2025\/04\/Hans_Memling_Saint_Veronica_obverse_c._1470-1475_NGA_416591-1152x1536.jpg 1152w, https:\/\/www.gery-de-stefano.de\/it\/wp-content\/uploads\/sites\/3\/2025\/04\/Hans_Memling_Saint_Veronica_obverse_c._1470-1475_NGA_416591-1537x2048.jpg 1537w, https:\/\/www.gery-de-stefano.de\/it\/wp-content\/uploads\/sites\/3\/2025\/04\/Hans_Memling_Saint_Veronica_obverse_c._1470-1475_NGA_416591-scaled.jpg 1921w\" sizes=\"auto, (max-width: 768px) 100vw, 768px\" \/><figcaption class=\"wp-element-caption\">&#8220;Hans Memling, Saint Veronica [obverse], c. 1470\/1475, oil on panel<\/figcaption><\/figure>\n\n\n\n<p class=\"has-base-color has-vivid-red-background-color has-text-color has-background has-link-color wp-elements-f786e7f1d86b3aa8c396f5b7ae0e1a82\">Se il mio panno fosse ancora pi\u00f9 grande<br>lo porgerei al mondo<br>per allieviare il sudore del mondo<br>che ci tiene in sospeso.<\/p>\n\n\n\n<p class=\"has-base-color has-vivid-red-background-color has-text-color has-background has-link-color wp-elements-ecbaeb496720975811408a7e96c06090\">Lo porgerei alla fame<br>lo porgerei alla miseria,<br>lo porgerei alla malattia,<br>alla paura che ci minaccia.<br>Lo porgerei al tossicodipendente,<br>lo porgerei al bambino,<br>e a tutti gli orfani,<br>che sono vittime di guerra.<\/p>\n\n\n\n<p class=\"has-base-color has-vivid-red-background-color has-text-color has-background has-link-color wp-elements-69a394ca7bb5d980d2d4ebe1759624ec\">Lo porgerei agli abusati,<br>alle vittime dei soldi<br>e a chi aiuta il prossimo<br>nel sudore del mondo.<\/p>\n\n\n\n<p class=\"has-light-green-cyan-background-color has-background has-small-font-size\">6. stazione della &#8220;via crucis&#8221; cantata (&#8220;Der Kreuzweg&#8221;), da Markus Ehrhardt (testo) e Dirk-Joh. Neumann (musica)<\/p>\n\n\n\n<hr class=\"wp-block-separator has-alpha-channel-opacity\" \/>\n\n\n\n<figure class=\"wp-block-image size-large is-resized\"><img loading=\"lazy\" decoding=\"async\" width=\"576\" height=\"1024\" src=\"https:\/\/www.gery-de-stefano.de\/it\/wp-content\/uploads\/sites\/3\/2023\/12\/Blume-St.-Peter-576x1024.jpg\" alt=\"\" class=\"wp-image-936\" style=\"aspect-ratio:0.5625;width:476px;height:auto\" srcset=\"https:\/\/www.gery-de-stefano.de\/it\/wp-content\/uploads\/sites\/3\/2023\/12\/Blume-St.-Peter-576x1024.jpg 576w, https:\/\/www.gery-de-stefano.de\/it\/wp-content\/uploads\/sites\/3\/2023\/12\/Blume-St.-Peter-169x300.jpg 169w, https:\/\/www.gery-de-stefano.de\/it\/wp-content\/uploads\/sites\/3\/2023\/12\/Blume-St.-Peter-768x1365.jpg 768w, https:\/\/www.gery-de-stefano.de\/it\/wp-content\/uploads\/sites\/3\/2023\/12\/Blume-St.-Peter-864x1536.jpg 864w, https:\/\/www.gery-de-stefano.de\/it\/wp-content\/uploads\/sites\/3\/2023\/12\/Blume-St.-Peter-1152x2048.jpg 1152w, https:\/\/www.gery-de-stefano.de\/it\/wp-content\/uploads\/sites\/3\/2023\/12\/Blume-St.-Peter-scaled.jpg 1440w\" sizes=\"auto, (max-width: 576px) 100vw, 576px\" \/><\/figure>\n\n\n\n<p class=\"has-primary-background-color has-background\"><strong>&#8220;Fiorello&#8221;<\/strong><br>Sta mattina nella metro: Volevo alzarmi per offrire il mio posto ad un signore anziano con un bastone. Mi ringrazia, ma il posto non gli serve perch\u00e9 scende alla prossima fermata. Ma uscendo mi saluta e dice &#8220;Dio ti benedica!&#8221; Ed io avevo appena il tempo per rispondere: <br>&#8220;Anche te!&#8221;<br>Ho l&#8217;impressione che viene creata una nuova canzone.<\/p>\n\n\n\n<hr class=\"wp-block-separator has-alpha-channel-opacity\" \/>\n\n\n\n<p class=\"has-pale-pink-background-color has-background has-medium-font-size\"><strong>CHI SONO?<\/strong><\/p>\n\n\n\n<p class=\"has-tertiary-background-color has-background has-small-font-size\">Quando avevo 12 anni mia madre mi regal\u00f2 una chitarra per Natale. Avevo desiderato qualcos&#8217;altro, avrei preferito suonare la batteria. Quindi la chitarra \u00e8 rimasta inutilizzata in un angolo per un anno finch\u00e9 non mi sono ammalata e sono dovuta restare a casa in isolamento per un po&#8217;. Era l&#8217;inizio del 1968. Per noia ho tirato fuori la chitarra e senza alcuna istruzione ho provato ad usarla. Ho iniziato a sperimentare e creare la &#8220;mia&#8221; musica fino a che mi \u00e8 piaciuta. Ho aggiunto parole che provenivano dal profondo di me.<\/p>\n\n\n\n<figure class=\"wp-block-image size-full\"><img loading=\"lazy\" decoding=\"async\" width=\"642\" height=\"546\" src=\"https:\/\/www.gery-de-stefano.de\/it\/wp-content\/uploads\/sites\/3\/2023\/03\/File_061.jpg\" alt=\"\" class=\"wp-image-529\" srcset=\"https:\/\/www.gery-de-stefano.de\/it\/wp-content\/uploads\/sites\/3\/2023\/03\/File_061.jpg 642w, https:\/\/www.gery-de-stefano.de\/it\/wp-content\/uploads\/sites\/3\/2023\/03\/File_061-300x255.jpg 300w\" sizes=\"auto, (max-width: 642px) 100vw, 642px\" \/><\/figure>\n\n\n\n<p class=\"has-tertiary-background-color has-background has-small-font-size\">Cos\u00ec ho scoperto e sviluppato questa forma di esprimermi. Ho scritto canzoni come altre persone scrivono diari. Sono canzoni che raccontano di avventure ed esperienze, di riflessioni o meditazioni, di difficolt\u00e0 e come superarle, di perdite e di doni sorprendenti.<\/p>\n\n\n\n<figure class=\"wp-block-image size-large\"><img loading=\"lazy\" decoding=\"async\" width=\"1024\" height=\"768\" src=\"https:\/\/www.gery-de-stefano.de\/it\/wp-content\/uploads\/sites\/3\/2023\/03\/Gery-singt-1024x768.jpg\" alt=\"\" class=\"wp-image-531\" srcset=\"https:\/\/www.gery-de-stefano.de\/it\/wp-content\/uploads\/sites\/3\/2023\/03\/Gery-singt-1024x768.jpg 1024w, https:\/\/www.gery-de-stefano.de\/it\/wp-content\/uploads\/sites\/3\/2023\/03\/Gery-singt-300x225.jpg 300w, https:\/\/www.gery-de-stefano.de\/it\/wp-content\/uploads\/sites\/3\/2023\/03\/Gery-singt-768x576.jpg 768w, https:\/\/www.gery-de-stefano.de\/it\/wp-content\/uploads\/sites\/3\/2023\/03\/Gery-singt-1536x1152.jpg 1536w, https:\/\/www.gery-de-stefano.de\/it\/wp-content\/uploads\/sites\/3\/2023\/03\/Gery-singt-2048x1536.jpg 2048w\" sizes=\"auto, (max-width: 1024px) 100vw, 1024px\" \/><\/figure>\n\n\n\n<p class=\"has-tertiary-background-color has-background has-small-font-size\">Presto ho capito che non ero sola con le mie esperienze. Altri cantavano insieme a me, si sentivano compresi e cos\u00ec ho iniziato a cantarle in tanti posti, in varie occasioni, in piccoli gruppi o sul palco in grandi eventi: a festival (p.e. Genfest), giornate\/fiere religiose, concerti di solidariet\u00e0, ecc. Ma soprattutto, dal 1980 in poi ho fatto piccoli concerti. In seguito \u00e8 stato registrato un LP (&#8220;Lieder aus meinem Leben\/ Canzoni dalla mia vita&#8221;), cos\u00ec come un cassetta con canzoni per bambini (&#8220;Stell dir vor\/ Immagina&#8221;).<\/p>\n\n\n\n<p class=\"has-vivid-red-color has-tertiary-background-color has-text-color has-background has-source-serif-pro-font-family has-small-font-size\">Scrive un giornale di Norimberga, la &#8220;N\u00fcrnberger Zeitung&#8221; il 27.02.1982 dopo un concerto mio in un centro sociale, frequentato sopprattutto da Punk. Qualche tempo prima del concerto c&#8217;erano stati forti scontri con la polizia:<\/p>\n\n\n\n<p class=\"has-base-color has-vivid-red-background-color has-text-color has-background has-source-serif-pro-font-family\">&#8220;Quando si tratta di eventi di musica cristiana, all&#8217;inizio si \u00e8 sempre un po&#8217; scettici. Troppo spesso la dottrina della salvezza cristiana viene trasformata in canzoni pop superficiali. Ma lo scetticismo scompare rapidamente quando si tratta delle canzoni di Gery. Non infastidisce i suoi ascoltatori con inni di benedizione in qualche modo &#8220;appiccicati&#8221;. Le sue ballate sono dichiarazioni di fede molto personali, presentate apertamente e onestamente ed \u00e8 per questo che sono cos\u00ec convincenti e toccanti &#8230;&#8221;<\/p>\n\n\n\n<figure class=\"wp-block-image size-large\"><img loading=\"lazy\" decoding=\"async\" width=\"1024\" height=\"680\" src=\"https:\/\/www.gery-de-stefano.de\/it\/wp-content\/uploads\/sites\/3\/2023\/03\/Schluessel-1-1024x680.jpg\" alt=\"\" class=\"wp-image-542\" srcset=\"https:\/\/www.gery-de-stefano.de\/it\/wp-content\/uploads\/sites\/3\/2023\/03\/Schluessel-1-1024x680.jpg 1024w, https:\/\/www.gery-de-stefano.de\/it\/wp-content\/uploads\/sites\/3\/2023\/03\/Schluessel-1-300x199.jpg 300w, https:\/\/www.gery-de-stefano.de\/it\/wp-content\/uploads\/sites\/3\/2023\/03\/Schluessel-1-768x510.jpg 768w, https:\/\/www.gery-de-stefano.de\/it\/wp-content\/uploads\/sites\/3\/2023\/03\/Schluessel-1-1536x1020.jpg 1536w, https:\/\/www.gery-de-stefano.de\/it\/wp-content\/uploads\/sites\/3\/2023\/03\/Schluessel-1-2048x1360.jpg 2048w\" sizes=\"auto, (max-width: 1024px) 100vw, 1024px\" \/><\/figure>\n\n\n\n<p class=\"has-tertiary-background-color has-background has-small-font-size\"> Ad un certo punto ho interrotto quest&#8217; attivit\u00e0 perch\u00e9 la situazione familiare e la necessit\u00e0 di lavorare a tempo pieno come terapista occupazionale non mi lasciavano pi\u00f9 tempo ed energie.<\/p>\n\n\n\n<p class=\"has-tertiary-background-color has-background has-small-font-size\">Ora la situazione \u00e8 diversa: i nostri 4 figli non vivono pi\u00f9 a casa, io non lavoro pi\u00f9 e quindi non solo posso riprendere liberamente in mano la chitarra e scrivere canzoni, ma anche fare di nuovo concerti. Soprattutto, ho potuto realizzare un nuovo CD nel 2022.<\/p>\n\n\n\n<figure class=\"wp-block-image size-large\"><img loading=\"lazy\" decoding=\"async\" width=\"1024\" height=\"915\" src=\"https:\/\/www.gery-de-stefano.de\/it\/wp-content\/uploads\/sites\/3\/2023\/03\/20230227_173204-2-1024x915.jpg\" alt=\"\" class=\"wp-image-524\" srcset=\"https:\/\/www.gery-de-stefano.de\/it\/wp-content\/uploads\/sites\/3\/2023\/03\/20230227_173204-2-1024x915.jpg 1024w, https:\/\/www.gery-de-stefano.de\/it\/wp-content\/uploads\/sites\/3\/2023\/03\/20230227_173204-2-300x268.jpg 300w, https:\/\/www.gery-de-stefano.de\/it\/wp-content\/uploads\/sites\/3\/2023\/03\/20230227_173204-2-768x686.jpg 768w, https:\/\/www.gery-de-stefano.de\/it\/wp-content\/uploads\/sites\/3\/2023\/03\/20230227_173204-2-1536x1372.jpg 1536w, https:\/\/www.gery-de-stefano.de\/it\/wp-content\/uploads\/sites\/3\/2023\/03\/20230227_173204-2-2048x1829.jpg 2048w\" sizes=\"auto, (max-width: 1024px) 100vw, 1024px\" \/><\/figure>\n\n\n\n<p class=\"has-luminous-vivid-amber-background-color has-background\">Contattami se sei interessato ad aquistarlo!<\/p>\n\n\n\n<figure class=\"wp-block-image size-large\"><img loading=\"lazy\" decoding=\"async\" width=\"1024\" height=\"1024\" src=\"https:\/\/www.gery-de-stefano.de\/it\/wp-content\/uploads\/sites\/3\/2023\/03\/20230227_173216-2-1-1024x1024.jpg\" alt=\"\" class=\"wp-image-526\" srcset=\"https:\/\/www.gery-de-stefano.de\/it\/wp-content\/uploads\/sites\/3\/2023\/03\/20230227_173216-2-1-1024x1024.jpg 1024w, https:\/\/www.gery-de-stefano.de\/it\/wp-content\/uploads\/sites\/3\/2023\/03\/20230227_173216-2-1-300x300.jpg 300w, https:\/\/www.gery-de-stefano.de\/it\/wp-content\/uploads\/sites\/3\/2023\/03\/20230227_173216-2-1-150x150.jpg 150w, https:\/\/www.gery-de-stefano.de\/it\/wp-content\/uploads\/sites\/3\/2023\/03\/20230227_173216-2-1-768x768.jpg 768w, https:\/\/www.gery-de-stefano.de\/it\/wp-content\/uploads\/sites\/3\/2023\/03\/20230227_173216-2-1-1536x1536.jpg 1536w, https:\/\/www.gery-de-stefano.de\/it\/wp-content\/uploads\/sites\/3\/2023\/03\/20230227_173216-2-1-2048x2048.jpg 2048w\" sizes=\"auto, (max-width: 1024px) 100vw, 1024px\" \/><\/figure>\n\n\n\n<p class=\"has-tertiary-background-color has-background has-small-font-size\">La registrazione \u00e8 stata un&#8217;esperienza bellissima!<\/p>\n\n\n\n<figure class=\"wp-block-image size-large\"><img loading=\"lazy\" decoding=\"async\" width=\"1024\" height=\"576\" src=\"https:\/\/www.gery-de-stefano.de\/it\/wp-content\/uploads\/sites\/3\/2023\/03\/13-20220608_103019-1024x576.jpg\" alt=\"\" class=\"wp-image-513\" srcset=\"https:\/\/www.gery-de-stefano.de\/it\/wp-content\/uploads\/sites\/3\/2023\/03\/13-20220608_103019-1024x576.jpg 1024w, https:\/\/www.gery-de-stefano.de\/it\/wp-content\/uploads\/sites\/3\/2023\/03\/13-20220608_103019-300x169.jpg 300w, https:\/\/www.gery-de-stefano.de\/it\/wp-content\/uploads\/sites\/3\/2023\/03\/13-20220608_103019-768x432.jpg 768w, https:\/\/www.gery-de-stefano.de\/it\/wp-content\/uploads\/sites\/3\/2023\/03\/13-20220608_103019-1536x864.jpg 1536w, https:\/\/www.gery-de-stefano.de\/it\/wp-content\/uploads\/sites\/3\/2023\/03\/13-20220608_103019-2048x1152.jpg 2048w\" sizes=\"auto, (max-width: 1024px) 100vw, 1024px\" \/><figcaption class=\"wp-element-caption\">Olaf, il tecnico, nel suo studio al miscelatore.<\/figcaption><\/figure>\n\n\n\n<figure class=\"wp-block-image size-full\"><img loading=\"lazy\" decoding=\"async\" width=\"1024\" height=\"1020\" src=\"https:\/\/www.gery-de-stefano.de\/it\/wp-content\/uploads\/sites\/3\/2023\/03\/14-c-signal-2022-10-08-22-13-43-036-2.jpg\" alt=\"\" class=\"wp-image-514\" srcset=\"https:\/\/www.gery-de-stefano.de\/it\/wp-content\/uploads\/sites\/3\/2023\/03\/14-c-signal-2022-10-08-22-13-43-036-2.jpg 1024w, https:\/\/www.gery-de-stefano.de\/it\/wp-content\/uploads\/sites\/3\/2023\/03\/14-c-signal-2022-10-08-22-13-43-036-2-300x300.jpg 300w, https:\/\/www.gery-de-stefano.de\/it\/wp-content\/uploads\/sites\/3\/2023\/03\/14-c-signal-2022-10-08-22-13-43-036-2-150x150.jpg 150w, https:\/\/www.gery-de-stefano.de\/it\/wp-content\/uploads\/sites\/3\/2023\/03\/14-c-signal-2022-10-08-22-13-43-036-2-768x765.jpg 768w\" sizes=\"auto, (max-width: 1024px) 100vw, 1024px\" \/><figcaption class=\"wp-element-caption\">Insieme a Christian col violoncello<\/figcaption><\/figure>\n\n\n\n<figure class=\"wp-block-image size-large\"><img loading=\"lazy\" decoding=\"async\" width=\"781\" height=\"1024\" src=\"https:\/\/www.gery-de-stefano.de\/it\/wp-content\/uploads\/sites\/3\/2023\/03\/12-20220608_102920-2-781x1024.jpg\" alt=\"\" class=\"wp-image-554\" srcset=\"https:\/\/www.gery-de-stefano.de\/it\/wp-content\/uploads\/sites\/3\/2023\/03\/12-20220608_102920-2-781x1024.jpg 781w, https:\/\/www.gery-de-stefano.de\/it\/wp-content\/uploads\/sites\/3\/2023\/03\/12-20220608_102920-2-229x300.jpg 229w, https:\/\/www.gery-de-stefano.de\/it\/wp-content\/uploads\/sites\/3\/2023\/03\/12-20220608_102920-2-768x1007.jpg 768w, https:\/\/www.gery-de-stefano.de\/it\/wp-content\/uploads\/sites\/3\/2023\/03\/12-20220608_102920-2-1171x1536.jpg 1171w, https:\/\/www.gery-de-stefano.de\/it\/wp-content\/uploads\/sites\/3\/2023\/03\/12-20220608_102920-2-1562x2048.jpg 1562w, https:\/\/www.gery-de-stefano.de\/it\/wp-content\/uploads\/sites\/3\/2023\/03\/12-20220608_102920-2.jpg 1836w\" sizes=\"auto, (max-width: 781px) 100vw, 781px\" \/><figcaption class=\"wp-element-caption\">Pierre con uno dei suoi Sax<\/figcaption><\/figure>\n","protected":false},"excerpt":{"rendered":"<p>Hallo! Willkommen! Ben arrivati! Welcome! Siete invitati a venire con me, per scoprire le mie canzoni e le storie che stanno dietro di loro.Su &#8220;Home&#8221; sta scritto ci\u00f3 che mi muove in questo momento e chi sono.Le prossime pagine troverete cliccando su segno = in alto di questa pagina Novit\u00e0 troverete su &#8220;News&#8220; (p.e. concerti [&hellip;]<\/p>\n","protected":false},"author":1,"featured_media":0,"parent":0,"menu_order":0,"comment_status":"closed","ping_status":"closed","template":"","meta":{"_uag_custom_page_level_css":"","footnotes":""},"class_list":["post-16","page","type-page","status-publish","hentry"],"featured_image_src":null,"uagb_featured_image_src":{"full":false,"thumbnail":false,"medium":false,"medium_large":false,"large":false,"1536x1536":false,"2048x2048":false,"audioigniter_cover":false},"uagb_author_info":{"display_name":"Gery","author_link":"https:\/\/www.gery-de-stefano.de\/it\/author\/gery\/"},"uagb_comment_info":0,"uagb_excerpt":"Hallo! Willkommen! Ben arrivati! Welcome! Siete invitati a venire con me, per scoprire le mie canzoni e le storie che stanno dietro di loro.Su &#8220;Home&#8221; sta scritto ci\u00f3 che mi muove in questo momento e chi sono.Le prossime pagine troverete cliccando su segno = in alto di questa pagina Novit\u00e0 troverete su &#8220;News&#8220; (p.e. concerti&hellip;","_links":{"self":[{"href":"https:\/\/www.gery-de-stefano.de\/it\/wp-json\/wp\/v2\/pages\/16","targetHints":{"allow":["GET"]}}],"collection":[{"href":"https:\/\/www.gery-de-stefano.de\/it\/wp-json\/wp\/v2\/pages"}],"about":[{"href":"https:\/\/www.gery-de-stefano.de\/it\/wp-json\/wp\/v2\/types\/page"}],"author":[{"embeddable":true,"href":"https:\/\/www.gery-de-stefano.de\/it\/wp-json\/wp\/v2\/users\/1"}],"replies":[{"embeddable":true,"href":"https:\/\/www.gery-de-stefano.de\/it\/wp-json\/wp\/v2\/comments?post=16"}],"version-history":[{"count":23,"href":"https:\/\/www.gery-de-stefano.de\/it\/wp-json\/wp\/v2\/pages\/16\/revisions"}],"predecessor-version":[{"id":1082,"href":"https:\/\/www.gery-de-stefano.de\/it\/wp-json\/wp\/v2\/pages\/16\/revisions\/1082"}],"wp:attachment":[{"href":"https:\/\/www.gery-de-stefano.de\/it\/wp-json\/wp\/v2\/media?parent=16"}],"curies":[{"name":"wp","href":"https:\/\/api.w.org\/{rel}","templated":true}]}}