{"id":19,"date":"2023-02-07T19:35:23","date_gmt":"2023-02-07T18:35:23","guid":{"rendered":"https:\/\/www.gery-de-stefano.de\/?page_id=19"},"modified":"2025-05-28T21:34:57","modified_gmt":"2025-05-28T19:34:57","slug":"songs","status":"publish","type":"page","link":"https:\/\/www.gery-de-stefano.de\/de\/songs\/","title":{"rendered":"Songs"},"content":{"rendered":"\n<p class=\"has-pale-pink-background-color has-background\">Hier k\u00f6nnt ihr schon einmal in die einzelnen Lieder der CD hereinh\u00f6ren.<\/p>\n\n\n\n<p class=\"has-pale-pink-background-color has-background\">Unter &#8220;<a href=\"https:\/\/www.gery-de-stefano.de\/de\/songs\/stories\/\" data-type=\"page\" data-id=\"21\">Stories<\/a>&#8221; stelle ich euch nach und nach einzelne Lieder in der gesamten Aufnahmel\u00e4nge vor, mit ihren Geschichten, Gitarrenakkorden und wie und wo sie entstanden sind.<\/p>\n\n\n\n<p class=\"has-pale-cyan-blue-background-color has-background\">Wenn dich ein bestimmtes Lied besonders interessiert: schreibe mir, dann stelle ich es zu den &#8220;Stories&#8221;.<\/p>\n\n\n\n<h5 class=\"wp-block-heading\">CD&nbsp; Schl\u00fcssel in der Hand (2022)<\/h5>\n\n\n\n<figure class=\"wp-block-image size-large\"><img loading=\"lazy\" decoding=\"async\" width=\"1024\" height=\"914\" src=\"https:\/\/www.gery-de-stefano.de\/de\/wp-content\/uploads\/sites\/2\/2023\/03\/Cover-Gery-1024x914.jpg\" alt=\"\" class=\"wp-image-523\" srcset=\"https:\/\/www.gery-de-stefano.de\/de\/wp-content\/uploads\/sites\/2\/2023\/03\/Cover-Gery-1024x914.jpg 1024w, https:\/\/www.gery-de-stefano.de\/de\/wp-content\/uploads\/sites\/2\/2023\/03\/Cover-Gery-300x268.jpg 300w, https:\/\/www.gery-de-stefano.de\/de\/wp-content\/uploads\/sites\/2\/2023\/03\/Cover-Gery-768x686.jpg 768w, https:\/\/www.gery-de-stefano.de\/de\/wp-content\/uploads\/sites\/2\/2023\/03\/Cover-Gery-1536x1372.jpg 1536w, https:\/\/www.gery-de-stefano.de\/de\/wp-content\/uploads\/sites\/2\/2023\/03\/Cover-Gery.jpg 1653w\" sizes=\"auto, (max-width: 1024px) 100vw, 1024px\" \/><\/figure>\n\n\n\n<div class=\"wp-block-uagb-tabs uagb-block-0a7b6f2f uagb-tabs__wrap uagb-tabs__hstyle3-desktop uagb-tabs__vstyle6-tablet uagb-tabs__stack1-mobile\" data-tab-active=\"0\"><ul class=\"uagb-tabs__panel uagb-tabs__align-left\" role=\"tablist\"><li class=\"uagb-tab uagb-tabs__active\" role=\"none\"><a href=\"#uagb-tabs__tab0\" class=\"uagb-tabs-list uagb-tabs__icon-position-left\" data-tab=\"0\" role=\"tab\"><div>\ud83d\udcdc Trackliste<\/div><\/a><\/li><li class=\"uagb-tab \" role=\"none\"><a href=\"#uagb-tabs__tab1\" class=\"uagb-tabs-list uagb-tabs__icon-position-left\" data-tab=\"1\" role=\"tab\"><div>\ud83c\udfa7 Reinh\u00f6ren<\/div><\/a><\/li><\/ul><div class=\"uagb-tabs__body-wrap\">\n<div class=\"wp-block-uagb-tabs-child uagb-tabs__body-container uagb-inner-tab-0\" aria-labelledby=\"uagb-tabs__tab0\">\n<ol class=\"wp-block-list\">\n<li><a href=\"https:\/\/www.gery-de-stefano.de\/de\/2023\/05\/11\/warnung\/\" data-type=\"post\" data-id=\"714\">Warnung<\/a>   (Stories)<\/li>\n\n\n\n<li>Alter Kubaner<\/li>\n\n\n\n<li><a href=\"https:\/\/www.gery-de-stefano.de\/de\/2023\/09\/20\/neue-augen\/\" data-type=\"post\" data-id=\"1035\">Neue Augen<\/a> (Stories)<\/li>\n\n\n\n<li><a href=\"https:\/\/www.gery-de-stefano.de\/de\/2024\/03\/04\/__trashed\/\" data-type=\"post\" data-id=\"1206\">Wovon ich tr\u00e4ume<\/a> (Stories)<\/li>\n\n\n\n<li><a href=\"https:\/\/www.gery-de-stefano.de\/de\/2023\/03\/11\/der-regenbogen\/\" data-type=\"post\" data-id=\"436\">Der Regenbogen<\/a> <em>(Stories)<\/em><\/li>\n\n\n\n<li><a href=\"https:\/\/www.gery-de-stefano.de\/de\/2023\/07\/12\/atmen\/\" data-type=\"post\" data-id=\"909\">Atme<\/a>n     (Stories)<\/li>\n\n\n\n<li>Hier oder dort<\/li>\n\n\n\n<li><a href=\"https:\/\/www.gery-de-stefano.de\/de\/2024\/10\/11\/meine-seele-hat-es-eilig\/\" data-type=\"post\" data-id=\"1266\">Meine Seele hat es eilig<\/a> (Stories)<\/li>\n\n\n\n<li>So wie du bist<\/li>\n\n\n\n<li>Lamento<\/li>\n\n\n\n<li>Nach einem Tag<\/li>\n\n\n\n<li>Bleib bei uns<\/li>\n\n\n\n<li><a href=\"https:\/\/www.gery-de-stefano.de\/de\/2023\/08\/16\/die-wattegeneration\/\" data-type=\"post\" data-id=\"980\">Die Wattegeneration<\/a> (Stories)<\/li>\n<\/ol>\n<\/div>\n\n\n\n<div class=\"wp-block-uagb-tabs-child uagb-tabs__body-container uagb-inner-tab-1\" aria-labelledby=\"uagb-tabs__tab1\"><div id=\"audioigniter-624\" class=\"audioigniter-root \" data-player-type=\"full\" data-tracks-url=\"https:\/\/www.gery-de-stefano.de\/de\/?audioigniter_playlist_id=624\" data-display-track-no=\"true\" data-reverse-track-order=\"false\" data-display-tracklist-covers=\"false\" data-display-active-cover=\"true\" data-display-artist-names=\"true\" data-display-buy-buttons=\"true\" data-buy-buttons-target=\"true\" data-cycle-tracks=\"false\" data-display-credits=\"false\" data-display-tracklist=\"true\" data-allow-tracklist-toggle=\"true\" data-allow-tracklist-loop=\"true\" data-limit-tracklist-height=\"false\" data-volume=\"50\" data-tracklist-height=\"185\" ><\/div>\n<\/div>\n<\/div><\/div>\n\n\n\n<hr class=\"wp-block-separator has-alpha-channel-opacity is-style-wide\" \/>\n\n\n\n<p><strong>LP &nbsp;Lieder aus meinem Leben&nbsp;(1981)<\/strong><\/p>\n\n\n\n<figure class=\"wp-block-image size-large\"><img loading=\"lazy\" decoding=\"async\" width=\"1024\" height=\"1024\" src=\"https:\/\/www.gery-de-stefano.de\/de\/wp-content\/uploads\/sites\/2\/2023\/03\/20230207_103254-3-1024x1024.jpg\" alt=\"\" class=\"wp-image-557\" srcset=\"https:\/\/www.gery-de-stefano.de\/de\/wp-content\/uploads\/sites\/2\/2023\/03\/20230207_103254-3-1024x1024.jpg 1024w, https:\/\/www.gery-de-stefano.de\/de\/wp-content\/uploads\/sites\/2\/2023\/03\/20230207_103254-3-300x300.jpg 300w, https:\/\/www.gery-de-stefano.de\/de\/wp-content\/uploads\/sites\/2\/2023\/03\/20230207_103254-3-150x150.jpg 150w, https:\/\/www.gery-de-stefano.de\/de\/wp-content\/uploads\/sites\/2\/2023\/03\/20230207_103254-3-768x768.jpg 768w, https:\/\/www.gery-de-stefano.de\/de\/wp-content\/uploads\/sites\/2\/2023\/03\/20230207_103254-3-1536x1536.jpg 1536w, https:\/\/www.gery-de-stefano.de\/de\/wp-content\/uploads\/sites\/2\/2023\/03\/20230207_103254-3-2048x2048.jpg 2048w\" sizes=\"auto, (max-width: 1024px) 100vw, 1024px\" \/><\/figure>\n\n\n\n<ol class=\"wp-block-list\">\n<li><a href=\"https:\/\/www.gery-de-stefano.de\/de\/2024\/10\/27\/tag-fuer-tag\/\" data-type=\"post\" data-id=\"1296\">Tag f\u00fcr Tag<\/a> (Stories)<\/li>\n\n\n\n<li>Ich warne euch (Warnung)<\/li>\n\n\n\n<li><a href=\"https:\/\/www.gery-de-stefano.de\/de\/2023\/12\/17\/hoffnung\/\" data-type=\"post\" data-id=\"1159\">Hoffnung<\/a> (Stories)<\/li>\n\n\n\n<li>Meine Freiheit<\/li>\n\n\n\n<li>Nehmt eure Blumen<\/li>\n\n\n\n<li>Du bist bei uns geblieben<\/li>\n\n\n\n<li>So wie du bist<\/li>\n\n\n\n<li>Die Wattegeneration<\/li>\n\n\n\n<li>Nach einem Tag<\/li>\n\n\n\n<li>Ich war hungrig<\/li>\n\n\n\n<li>Der Weinstock<\/li>\n\n\n\n<li>Du hast Ja gesagt<\/li>\n\n\n\n<li>Mutter<\/li>\n\n\n\n<li>Ein Lied f\u00fcr dich<\/li>\n<\/ol>\n\n\n\n<hr class=\"wp-block-separator has-alpha-channel-opacity is-style-default\" \/>\n\n\n\n<figure class=\"wp-block-image size-large\"><img loading=\"lazy\" decoding=\"async\" width=\"576\" height=\"1024\" src=\"https:\/\/www.gery-de-stefano.de\/de\/wp-content\/uploads\/sites\/2\/2023\/03\/IMG-20211212-WA0003-576x1024.jpg\" alt=\"\" class=\"wp-image-530\" srcset=\"https:\/\/www.gery-de-stefano.de\/de\/wp-content\/uploads\/sites\/2\/2023\/03\/IMG-20211212-WA0003-576x1024.jpg 576w, https:\/\/www.gery-de-stefano.de\/de\/wp-content\/uploads\/sites\/2\/2023\/03\/IMG-20211212-WA0003-169x300.jpg 169w, https:\/\/www.gery-de-stefano.de\/de\/wp-content\/uploads\/sites\/2\/2023\/03\/IMG-20211212-WA0003-768x1365.jpg 768w, https:\/\/www.gery-de-stefano.de\/de\/wp-content\/uploads\/sites\/2\/2023\/03\/IMG-20211212-WA0003-864x1536.jpg 864w, https:\/\/www.gery-de-stefano.de\/de\/wp-content\/uploads\/sites\/2\/2023\/03\/IMG-20211212-WA0003.jpg 900w\" sizes=\"auto, (max-width: 576px) 100vw, 576px\" \/><\/figure>\n\n\n\n<p><strong>Auswahl unver\u00f6ffentlichter Lieder, die ich oft singe und die ich euch nach und nach auf diesen Seiten vorstellen m\u00f6chte.<\/strong><\/p>\n\n\n\n<ul class=\"wp-block-list has-medium-font-size\">\n<li>Ich muss es euch sagen<\/li>\n\n\n\n<li>Die Welt ist zerrissen<\/li>\n\n\n\n<li>Magnifikat<\/li>\n\n\n\n<li>Abraham<\/li>\n\n\n\n<li>Sempre in piedi<\/li>\n\n\n\n<li>La grande attrativa del tempo moderno<\/li>\n\n\n\n<li>Liedermachersong<\/li>\n\n\n\n<li><a href=\"https:\/\/www.gery-de-stefano.de\/de\/2025\/04\/08\/heimatlos\/\" data-type=\"post\" data-id=\"1313\">heimatlos<\/a> (Stories)<\/li>\n\n\n\n<li>Warum bin ich so betroffen?<\/li>\n\n\n\n<li>Vom H\u00e4userbauen<\/li>\n\n\n\n<li>Wenn es dich nicht g\u00e4b<\/li>\n\n\n\n<li>Liebe (Liebe kann man nicht ausprobiern)<\/li>\n\n\n\n<li><strong>Der Weg<\/strong> <strong>    <\/strong><a href=\"https:\/\/www.gery-de-stefano.de\/de\/2023\/06\/15\/kleinkunst-auf-dem-sofa-wegspuren-muenster-7-8-juni-2023\/\" data-type=\"post\" data-id=\"848\">Kleinkunst auf dem Sofa \u201cWegspuren\u201d,  M\u00fcnster 7.\/8.Juni 2023<\/a><\/li>\n\n\n\n<li>Zwei Arme und zehn Finger<\/li>\n\n\n\n<li>Die Br\u00fccke<\/li>\n\n\n\n<li class=\"has-medium-font-size\"><a href=\"https:\/\/www.gery-de-stefano.de\/de\/2023\/06\/05\/puzzle\/\" data-type=\"post\" data-id=\"830\">Puzzle<\/a> (Lyrik)<\/li>\n\n\n\n<li class=\"has-medium-font-size\">Sternenstaub<\/li>\n<\/ul>\n","protected":false},"excerpt":{"rendered":"<p>Hier k\u00f6nnt ihr schon einmal in die einzelnen Lieder der CD hereinh\u00f6ren. Unter &#8220;Stories&#8221; stelle ich euch nach und nach einzelne Lieder in der gesamten Aufnahmel\u00e4nge vor, mit ihren Geschichten, Gitarrenakkorden und wie und wo sie entstanden sind. Wenn dich ein bestimmtes Lied besonders interessiert: schreibe mir, dann stelle ich es zu den &#8220;Stories&#8221;. CD&nbsp; [&hellip;]<\/p>\n","protected":false},"author":1,"featured_media":0,"parent":0,"menu_order":0,"comment_status":"closed","ping_status":"closed","template":"","meta":{"_uag_custom_page_level_css":"","footnotes":""},"class_list":["post-19","page","type-page","status-publish","hentry"],"featured_image_src":null,"uagb_featured_image_src":{"full":false,"thumbnail":false,"medium":false,"medium_large":false,"large":false,"1536x1536":false,"2048x2048":false,"audioigniter_cover":false},"uagb_author_info":{"display_name":"Gery","author_link":"https:\/\/www.gery-de-stefano.de\/de\/author\/gery\/"},"uagb_comment_info":0,"uagb_excerpt":"Hier k\u00f6nnt ihr schon einmal in die einzelnen Lieder der CD hereinh\u00f6ren. Unter &#8220;Stories&#8221; stelle ich euch nach und nach einzelne Lieder in der gesamten Aufnahmel\u00e4nge vor, mit ihren Geschichten, Gitarrenakkorden und wie und wo sie entstanden sind. Wenn dich ein bestimmtes Lied besonders interessiert: schreibe mir, dann stelle ich es zu den &#8220;Stories&#8221;. CD&nbsp;&hellip;","_links":{"self":[{"href":"https:\/\/www.gery-de-stefano.de\/de\/wp-json\/wp\/v2\/pages\/19","targetHints":{"allow":["GET"]}}],"collection":[{"href":"https:\/\/www.gery-de-stefano.de\/de\/wp-json\/wp\/v2\/pages"}],"about":[{"href":"https:\/\/www.gery-de-stefano.de\/de\/wp-json\/wp\/v2\/types\/page"}],"author":[{"embeddable":true,"href":"https:\/\/www.gery-de-stefano.de\/de\/wp-json\/wp\/v2\/users\/1"}],"replies":[{"embeddable":true,"href":"https:\/\/www.gery-de-stefano.de\/de\/wp-json\/wp\/v2\/comments?post=19"}],"version-history":[{"count":33,"href":"https:\/\/www.gery-de-stefano.de\/de\/wp-json\/wp\/v2\/pages\/19\/revisions"}],"predecessor-version":[{"id":1426,"href":"https:\/\/www.gery-de-stefano.de\/de\/wp-json\/wp\/v2\/pages\/19\/revisions\/1426"}],"wp:attachment":[{"href":"https:\/\/www.gery-de-stefano.de\/de\/wp-json\/wp\/v2\/media?parent=19"}],"curies":[{"name":"wp","href":"https:\/\/api.w.org\/{rel}","templated":true}]}}