{"id":16,"date":"2023-02-07T16:58:22","date_gmt":"2023-02-07T15:58:22","guid":{"rendered":"https:\/\/www.gery-de-stefano.de\/?page_id=16"},"modified":"2025-05-29T18:22:53","modified_gmt":"2025-05-29T16:22:53","slug":"home","status":"publish","type":"page","link":"https:\/\/www.gery-de-stefano.de\/de\/","title":{"rendered":"Home"},"content":{"rendered":"\n<figure class=\"wp-block-image size-large\"><img loading=\"lazy\" decoding=\"async\" width=\"1024\" height=\"768\" src=\"https:\/\/www.gery-de-stefano.de\/de\/wp-content\/uploads\/sites\/2\/2023\/03\/P1050790-1024x768.jpg\" alt=\"\" class=\"wp-image-535\" srcset=\"https:\/\/www.gery-de-stefano.de\/de\/wp-content\/uploads\/sites\/2\/2023\/03\/P1050790-1024x768.jpg 1024w, https:\/\/www.gery-de-stefano.de\/de\/wp-content\/uploads\/sites\/2\/2023\/03\/P1050790-300x225.jpg 300w, https:\/\/www.gery-de-stefano.de\/de\/wp-content\/uploads\/sites\/2\/2023\/03\/P1050790-768x576.jpg 768w, https:\/\/www.gery-de-stefano.de\/de\/wp-content\/uploads\/sites\/2\/2023\/03\/P1050790-1536x1152.jpg 1536w, https:\/\/www.gery-de-stefano.de\/de\/wp-content\/uploads\/sites\/2\/2023\/03\/P1050790-2048x1536.jpg 2048w\" sizes=\"auto, (max-width: 1024px) 100vw, 1024px\" \/><\/figure>\n\n\n\n<p class=\"has-source-serif-pro-font-family has-small-font-size\">Foto: privat<\/p>\n\n\n\n<p class=\"has-base-background-color has-background has-large-font-size\">Hallo! Willkommen! <br>Ben arrivati! Welcome!<\/p>\n\n\n\n<figure class=\"wp-block-image size-large is-resized\"><img loading=\"lazy\" decoding=\"async\" width=\"1024\" height=\"505\" src=\"https:\/\/www.gery-de-stefano.de\/de\/wp-content\/uploads\/sites\/2\/2025\/04\/Regenbogenhasen-1024x505.jpg\" alt=\"\" class=\"wp-image-1378\" style=\"width:478px;height:auto\" srcset=\"https:\/\/www.gery-de-stefano.de\/de\/wp-content\/uploads\/sites\/2\/2025\/04\/Regenbogenhasen-1024x505.jpg 1024w, https:\/\/www.gery-de-stefano.de\/de\/wp-content\/uploads\/sites\/2\/2025\/04\/Regenbogenhasen-300x148.jpg 300w, https:\/\/www.gery-de-stefano.de\/de\/wp-content\/uploads\/sites\/2\/2025\/04\/Regenbogenhasen-768x379.jpg 768w, https:\/\/www.gery-de-stefano.de\/de\/wp-content\/uploads\/sites\/2\/2025\/04\/Regenbogenhasen-1536x757.jpg 1536w, https:\/\/www.gery-de-stefano.de\/de\/wp-content\/uploads\/sites\/2\/2025\/04\/Regenbogenhasen.jpg 1724w\" sizes=\"auto, (max-width: 1024px) 100vw, 1024px\" \/><\/figure>\n\n\n\n<p class=\"has-contrast-color has-pale-pink-background-color has-text-color has-background has-medium-font-size\"><strong>Ich lade euch ein,&nbsp; mit mir zu kommen, &nbsp;meine Lieder kennenzulernen und die Geschichten, die dahinter stehen.<\/strong><br>Auf <strong>&#8220;Home&#8221; <\/strong>steht, was mich im Augenblick bewegt und wie ich \u00fcberhaupt zu meinen Liedern kam.<br>Die weiteren Seiten findet ihr durch einen Click oben rechts auf das Zeichen     <strong>=<\/strong> <\/p>\n\n\n\n<p class=\"has-contrast-color has-primary-background-color has-text-color has-background has-small-font-size\">Unter <strong>&#8220;<a href=\"https:\/\/www.gery-de-stefano.de\/de\/news\/\" data-type=\"page\" data-id=\"151\">News<\/a>&#8220;<\/strong> findet ihr neue Termine und Fotos und Geschichten von verschiedenen Konzerten.<br>                                                <strong>AKTUELL: K\u00d6LN, 14.6.!<\/strong><\/p>\n\n\n\n<p class=\"has-contrast-color has-pale-cyan-blue-background-color has-text-color has-background has-small-font-size\">Auf der Seite <strong>&#8220;<\/strong><a href=\"https:\/\/www.gery-de-stefano.de\/de\/songs\/\" data-type=\"page\" data-id=\"19\">Songs<\/a><strong>&#8220;<\/strong> gibt es eine \u00dcbersicht \u00fcber meine Lieder, Ver\u00f6ffentlichungen und links zu Ton-Aufnahmen.<\/p>\n\n\n\n<p class=\"has-contrast-color has-light-green-cyan-background-color has-text-color has-background has-small-font-size\">In <strong>&#8220;<\/strong><a href=\"https:\/\/www.gery-de-stefano.de\/de\/songs\/stories\/\" data-type=\"page\" data-id=\"21\">Stories<\/a><strong>&#8221; <\/strong>erz\u00e4hle ich die Entstehungsgeschichten einzelner Lieder inkl. deren Texte und Akkorde.<\/p>\n\n\n\n<p class=\"has-contrast-color has-pale-cyan-blue-background-color has-text-color has-background has-small-font-size\">Und <strong>&#8220;<\/strong><a href=\"https:\/\/www.gery-de-stefano.de\/de\/lyrik\/\" data-type=\"page\" data-id=\"23\">Lyrik<\/a><strong>&#8220;<\/strong> ist ein Sammelsurium an Texten oder Ideen von mir, die vielleicht einmal zu einem neuen Lied reifen.<\/p>\n\n\n\n<hr class=\"wp-block-separator has-alpha-channel-opacity\" \/>\n\n\n\n<p class=\"has-tertiary-background-color has-background has-medium-font-size\"><strong>Besuch in Chemnitz, in der Europ\u00e4ischen Kulturhauptstadt 2025 &#8211; &#8220;C THE UNSEEN&#8221;<\/strong><\/p>\n\n\n\n<figure class=\"wp-block-image size-large is-resized\"><img loading=\"lazy\" decoding=\"async\" width=\"1024\" height=\"778\" src=\"https:\/\/www.gery-de-stefano.de\/de\/wp-content\/uploads\/sites\/2\/2025\/05\/20250511_214225-1-1024x778.jpg\" alt=\"\" class=\"wp-image-1412\" style=\"width:478px;height:auto\" srcset=\"https:\/\/www.gery-de-stefano.de\/de\/wp-content\/uploads\/sites\/2\/2025\/05\/20250511_214225-1-1024x778.jpg 1024w, https:\/\/www.gery-de-stefano.de\/de\/wp-content\/uploads\/sites\/2\/2025\/05\/20250511_214225-1-300x228.jpg 300w, https:\/\/www.gery-de-stefano.de\/de\/wp-content\/uploads\/sites\/2\/2025\/05\/20250511_214225-1-768x583.jpg 768w, https:\/\/www.gery-de-stefano.de\/de\/wp-content\/uploads\/sites\/2\/2025\/05\/20250511_214225-1-1536x1167.jpg 1536w, https:\/\/www.gery-de-stefano.de\/de\/wp-content\/uploads\/sites\/2\/2025\/05\/20250511_214225-1-2048x1556.jpg 2048w\" sizes=\"auto, (max-width: 1024px) 100vw, 1024px\" \/><\/figure>\n\n\n\n<p>Mai 2025: Wir kannten diese Stadt nicht. Man h\u00f6rte von ihr in den Nachrichten, man sah was im Fernsehen, oft waren es negative Schlagzeilen. Wir wollten diese Stadt sehen und kennenlernen:  &#8220;see the unseen&#8221;!<br>Welche \u00dcberraschung! So viel Kreativit\u00e4t! So eine Kunst, zur eigenen Geschichte zu stehen und sie liebevoll ins Licht zu setzen!<\/p>\n\n\n\n<p>Da wurde nicht nur ein kleiner Stadtrundgang zu einer Reihe von Jugendstilh\u00e4usern angeboten, sondern auch ein weiterer zu der sozialistischen Architektur und den Plattenbauten, die statt &#8220;Post-Moderne&#8221; als &#8220;Ost-Moderne&#8221; gew\u00fcrdigt wurden.<\/p>\n\n\n\n<figure class=\"wp-block-image size-large\"><img loading=\"lazy\" decoding=\"async\" width=\"838\" height=\"1024\" src=\"https:\/\/www.gery-de-stefano.de\/de\/wp-content\/uploads\/sites\/2\/2025\/05\/20250512_133346-838x1024.jpg\" alt=\"\" class=\"wp-image-1414\" srcset=\"https:\/\/www.gery-de-stefano.de\/de\/wp-content\/uploads\/sites\/2\/2025\/05\/20250512_133346-838x1024.jpg 838w, https:\/\/www.gery-de-stefano.de\/de\/wp-content\/uploads\/sites\/2\/2025\/05\/20250512_133346-246x300.jpg 246w, https:\/\/www.gery-de-stefano.de\/de\/wp-content\/uploads\/sites\/2\/2025\/05\/20250512_133346-768x938.jpg 768w, https:\/\/www.gery-de-stefano.de\/de\/wp-content\/uploads\/sites\/2\/2025\/05\/20250512_133346-1258x1536.jpg 1258w, https:\/\/www.gery-de-stefano.de\/de\/wp-content\/uploads\/sites\/2\/2025\/05\/20250512_133346-1677x2048.jpg 1677w\" sizes=\"auto, (max-width: 838px) 100vw, 838px\" \/><\/figure>\n\n\n\n<p class=\"has-medium-font-size\">Aus zerfallenen Betriebshallen, aus &#8220;lost places&#8221;, wurden phantastische <strong>Kreativr\u00e4ume<\/strong> f\u00fcr die Allgemeinheit geschaffen, f\u00fcr gro\u00dfe und kleine B\u00fcrger, Studenten, Besucher &#8230; Das Foto stammt vom &#8220;Garagen-Campus&#8221;.<\/p>\n\n\n\n<figure class=\"wp-block-image size-large is-resized\"><img loading=\"lazy\" decoding=\"async\" width=\"1024\" height=\"720\" src=\"https:\/\/www.gery-de-stefano.de\/de\/wp-content\/uploads\/sites\/2\/2025\/05\/20250512_133418-1024x720.jpg\" alt=\"\" class=\"wp-image-1415\" style=\"width:478px;height:auto\" srcset=\"https:\/\/www.gery-de-stefano.de\/de\/wp-content\/uploads\/sites\/2\/2025\/05\/20250512_133418-1024x720.jpg 1024w, https:\/\/www.gery-de-stefano.de\/de\/wp-content\/uploads\/sites\/2\/2025\/05\/20250512_133418-300x211.jpg 300w, https:\/\/www.gery-de-stefano.de\/de\/wp-content\/uploads\/sites\/2\/2025\/05\/20250512_133418-768x540.jpg 768w, https:\/\/www.gery-de-stefano.de\/de\/wp-content\/uploads\/sites\/2\/2025\/05\/20250512_133418-1536x1080.jpg 1536w, https:\/\/www.gery-de-stefano.de\/de\/wp-content\/uploads\/sites\/2\/2025\/05\/20250512_133418-2048x1439.jpg 2048w\" sizes=\"auto, (max-width: 1024px) 100vw, 1024px\" \/><\/figure>\n\n\n\n<p class=\"has-system-font-font-family has-small-font-size\">Foto &#8220;lost places&#8221; von Stefanie Klein und Ralf Gro\u00dfkopp<\/p>\n\n\n\n<p class=\"has-medium-font-size\">Die bei den Einwohnern kultig gepflegten Garagen in Trabi-Gr\u00f6\u00dfe wurden zu <strong>Event-Orten<\/strong>, und die vorhandenen Stra\u00dfenbahnlinien wurden kurzerhand als<strong>&#8220;Hop-on, Hop-off&#8221;-Linien<\/strong> neu definiert.<\/p>\n\n\n\n<figure class=\"wp-block-image size-large\"><img loading=\"lazy\" decoding=\"async\" width=\"995\" height=\"1024\" src=\"https:\/\/www.gery-de-stefano.de\/de\/wp-content\/uploads\/sites\/2\/2025\/05\/20250512_134845-995x1024.jpg\" alt=\"\" class=\"wp-image-1416\" srcset=\"https:\/\/www.gery-de-stefano.de\/de\/wp-content\/uploads\/sites\/2\/2025\/05\/20250512_134845-995x1024.jpg 995w, https:\/\/www.gery-de-stefano.de\/de\/wp-content\/uploads\/sites\/2\/2025\/05\/20250512_134845-291x300.jpg 291w, https:\/\/www.gery-de-stefano.de\/de\/wp-content\/uploads\/sites\/2\/2025\/05\/20250512_134845-768x790.jpg 768w, https:\/\/www.gery-de-stefano.de\/de\/wp-content\/uploads\/sites\/2\/2025\/05\/20250512_134845-1492x1536.jpg 1492w, https:\/\/www.gery-de-stefano.de\/de\/wp-content\/uploads\/sites\/2\/2025\/05\/20250512_134845-1990x2048.jpg 1990w\" sizes=\"auto, (max-width: 995px) 100vw, 995px\" \/><\/figure>\n\n\n\n<p>Besonders beeindruckt hat mich in der zentralen St. Jakobi-Kirche eine Sammlung von zerbrochenen Vasen, die in der japanischen Kunst <strong>&#8220;Kintsugi&#8221;<\/strong>, d.h. mit Gold, wieder zusammengef\u00fcgt wurden: aus Zerbrochenem wird wieder ein Kunstwerk.<\/p>\n\n\n\n<figure class=\"wp-block-image size-large\"><img loading=\"lazy\" decoding=\"async\" width=\"720\" height=\"1024\" src=\"https:\/\/www.gery-de-stefano.de\/de\/wp-content\/uploads\/sites\/2\/2025\/05\/20250512_114745-720x1024.jpg\" alt=\"\" class=\"wp-image-1417\" srcset=\"https:\/\/www.gery-de-stefano.de\/de\/wp-content\/uploads\/sites\/2\/2025\/05\/20250512_114745-720x1024.jpg 720w, https:\/\/www.gery-de-stefano.de\/de\/wp-content\/uploads\/sites\/2\/2025\/05\/20250512_114745-211x300.jpg 211w, https:\/\/www.gery-de-stefano.de\/de\/wp-content\/uploads\/sites\/2\/2025\/05\/20250512_114745-768x1093.jpg 768w, https:\/\/www.gery-de-stefano.de\/de\/wp-content\/uploads\/sites\/2\/2025\/05\/20250512_114745-1079x1536.jpg 1079w, https:\/\/www.gery-de-stefano.de\/de\/wp-content\/uploads\/sites\/2\/2025\/05\/20250512_114745-1439x2048.jpg 1439w, https:\/\/www.gery-de-stefano.de\/de\/wp-content\/uploads\/sites\/2\/2025\/05\/20250512_114745-scaled.jpg 1799w\" sizes=\"auto, (max-width: 720px) 100vw, 720px\" \/><\/figure>\n\n\n\n<p class=\"has-small-font-size\"> alle anderen Fotos sind privat<\/p>\n\n\n\n<p class=\"has-tertiary-background-color has-background\"><strong>Auch ich m\u00f6chte auf all diese Arten, d.h. mit Kreativit\u00e4t und ohne vorgefasste Meinung, an die Probleme, das Schwierige und das Unfertige gehen, so wie ich es in Chemnitz gesehen habe<\/strong>:<br><strong>C THE UNSEEN!<\/strong><\/p>\n\n\n\n<hr class=\"wp-block-separator has-alpha-channel-opacity\" \/>\n\n\n\n<p class=\"has-primary-background-color has-background\"><strong>Erlebnis<\/strong><br>Heute in der K\u00f6lner U-Bahn: Ich wollte f\u00fcr einen \u00e4lteren Herrn mit Stock aufstehen und bot ihm den Platz an. Er lehnte dankend ab, da er an der n\u00e4chsten Station wieder ausstieg. Beim Fortgehen gr\u00fc\u00dfte er und sagte mir: &#8220;Gott segne dich&#8221;. Ich konnte noch schnell antworten: &#8220;Dich auch!&#8221;<br>Ich habe den Eindruck, seitdem entsteht in mir ein neues Lied.<\/p>\n\n\n\n<hr class=\"wp-block-separator has-alpha-channel-opacity\" \/>\n\n\n\n<p class=\"has-pale-pink-background-color has-background has-medium-font-size\"><strong>WIE ICH ZU MEINEN LIEDERN KAM<\/strong><\/p>\n\n\n\n<p class=\"has-tertiary-background-color has-background has-small-font-size\">Als ich 12 Jahre alt war schenkte mir meine Mutter eine Gitarre zu Weihnachten. Ich hatte mir etwas anderes gew\u00fcnscht, wollte lieber Schlagzeug spielen. So stand sie ein Jahr lang unbenutzt in einer Ecke bis ich krank wurde und eine Zeitlang isoliert zu Hause bleiben musste. Das war Anfang 1968. Aus Langeweile packte ich die Gitarre aus und ohne jede Anleitung versuchte ich, sie zu benutzen. Ich hatte keine Vorbilder oder Noten, daher begann ich einfach auszuprobieren und \u201emeine\u201c Musik zu gestalten bis sie mir gefiel. Dazu setzte ich Worte, die aus meinem tiefsten Innern kamen.&nbsp;&nbsp;<\/p>\n\n\n\n<figure class=\"wp-block-image aligncenter size-full is-style-default\"><img loading=\"lazy\" decoding=\"async\" width=\"642\" height=\"546\" src=\"https:\/\/www.gery-de-stefano.de\/de\/wp-content\/uploads\/sites\/2\/2023\/03\/File_061.jpg\" alt=\"\" class=\"wp-image-524\" srcset=\"https:\/\/www.gery-de-stefano.de\/de\/wp-content\/uploads\/sites\/2\/2023\/03\/File_061.jpg 642w, https:\/\/www.gery-de-stefano.de\/de\/wp-content\/uploads\/sites\/2\/2023\/03\/File_061-300x255.jpg 300w\" sizes=\"auto, (max-width: 642px) 100vw, 642px\" \/><\/figure>\n\n\n\n<p class=\"has-source-serif-pro-font-family has-small-font-size\">Foto: privat<\/p>\n\n\n\n<p class=\"has-tertiary-background-color has-background has-small-font-size\">So begann ich, diese Ausdrucksform, das Liedermachen, f\u00fcr mich zu entdecken und zu entwickeln. Ich schrieb Lieder, so wie andere Menschen Tagebuch schreiben, Lieder, die von Erlebnissen und Erfahrungen erz\u00e4hlen, von Reflexionen oder Meditationen, von Schwierigkeiten und deren \u00dcberwindung, von Verlusten und \u00fcberraschenden Geschenken.<\/p>\n\n\n\n<figure class=\"wp-block-image size-large\"><img loading=\"lazy\" decoding=\"async\" width=\"819\" height=\"1024\" src=\"https:\/\/www.gery-de-stefano.de\/de\/wp-content\/uploads\/sites\/2\/2023\/03\/Gery-Buehne-819x1024.jpg\" alt=\"\" class=\"wp-image-525\" srcset=\"https:\/\/www.gery-de-stefano.de\/de\/wp-content\/uploads\/sites\/2\/2023\/03\/Gery-Buehne-819x1024.jpg 819w, https:\/\/www.gery-de-stefano.de\/de\/wp-content\/uploads\/sites\/2\/2023\/03\/Gery-Buehne-240x300.jpg 240w, https:\/\/www.gery-de-stefano.de\/de\/wp-content\/uploads\/sites\/2\/2023\/03\/Gery-Buehne-768x960.jpg 768w, https:\/\/www.gery-de-stefano.de\/de\/wp-content\/uploads\/sites\/2\/2023\/03\/Gery-Buehne.jpg 1024w\" sizes=\"auto, (max-width: 819px) 100vw, 819px\" \/><figcaption class=\"wp-element-caption\">Foto privat<\/figcaption><\/figure>\n\n\n\n<p class=\"has-tertiary-background-color has-background has-small-font-size\">Bald bemerkte ich, dass ich nicht allein war mit meinen Erfahrungen, andere sangen mit, f\u00fchlten sich verstanden und so begann ich, an vielen Orten, bei verschiedensten Gelegenheiten, zu singen, in kleinem Kreis oder bei gro\u00dfen Veranstaltungen: auf Festivals, Kirchen-\/Katholikentagen, Solidarit\u00e4tskonzerten usw., vor allem aber begann ich sei 1980 auf Einladung kleinere Konzerte, Liederabende usw. zu geben. Eine LP (&#8220;Lieder aus meinem Leben&#8221;) wurde aufgenommen, sowie eine MC mit Kinderliedern (&#8220;Stell dir vor&#8221;). <\/p>\n\n\n\n<figure class=\"wp-block-image size-large\"><img loading=\"lazy\" decoding=\"async\" width=\"879\" height=\"1024\" src=\"https:\/\/www.gery-de-stefano.de\/de\/wp-content\/uploads\/sites\/2\/2023\/03\/1992-Nuernberg-NZ-879x1024.jpg\" alt=\"\" class=\"wp-image-556\" srcset=\"https:\/\/www.gery-de-stefano.de\/de\/wp-content\/uploads\/sites\/2\/2023\/03\/1992-Nuernberg-NZ-879x1024.jpg 879w, https:\/\/www.gery-de-stefano.de\/de\/wp-content\/uploads\/sites\/2\/2023\/03\/1992-Nuernberg-NZ-258x300.jpg 258w, https:\/\/www.gery-de-stefano.de\/de\/wp-content\/uploads\/sites\/2\/2023\/03\/1992-Nuernberg-NZ-768x894.jpg 768w, https:\/\/www.gery-de-stefano.de\/de\/wp-content\/uploads\/sites\/2\/2023\/03\/1992-Nuernberg-NZ-1319x1536.jpg 1319w, https:\/\/www.gery-de-stefano.de\/de\/wp-content\/uploads\/sites\/2\/2023\/03\/1992-Nuernberg-NZ-1759x2048.jpg 1759w\" sizes=\"auto, (max-width: 879px) 100vw, 879px\" \/><figcaption class=\"wp-element-caption\"><strong>N\u00fcrnberger Zeitung vom 27.02.1982<\/strong><\/figcaption><\/figure>\n\n\n\n<figure class=\"wp-block-image size-large\"><img loading=\"lazy\" decoding=\"async\" width=\"1024\" height=\"680\" src=\"https:\/\/www.gery-de-stefano.de\/de\/wp-content\/uploads\/sites\/2\/2023\/03\/Schluessel-1-1024x680.jpg\" alt=\"\" class=\"wp-image-537\" srcset=\"https:\/\/www.gery-de-stefano.de\/de\/wp-content\/uploads\/sites\/2\/2023\/03\/Schluessel-1-1024x680.jpg 1024w, https:\/\/www.gery-de-stefano.de\/de\/wp-content\/uploads\/sites\/2\/2023\/03\/Schluessel-1-300x199.jpg 300w, https:\/\/www.gery-de-stefano.de\/de\/wp-content\/uploads\/sites\/2\/2023\/03\/Schluessel-1-768x510.jpg 768w, https:\/\/www.gery-de-stefano.de\/de\/wp-content\/uploads\/sites\/2\/2023\/03\/Schluessel-1-1536x1020.jpg 1536w, https:\/\/www.gery-de-stefano.de\/de\/wp-content\/uploads\/sites\/2\/2023\/03\/Schluessel-1-2048x1360.jpg 2048w\" sizes=\"auto, (max-width: 1024px) 100vw, 1024px\" \/><\/figure>\n\n\n\n<p class=\"has-source-serif-pro-font-family has-small-font-size\">Foto: privat<\/p>\n\n\n\n<p class=\"has-tertiary-background-color has-background has-small-font-size\">Ab einem gewissen Zeitpunkt habe ich diese Aktivit\u00e4t unterbrochen, da die famili\u00e4re Situation und die notwendig gewordene volle Erwerbst\u00e4tigkeit als Ergotherapeutin mir keine Zeit und Kraft mehr daf\u00fcr lie\u00df.<\/p>\n\n\n\n<p class=\"has-tertiary-background-color has-background has-small-font-size\">Jetzt ist die Situation anders: unsere 4 Kinder haben das Haus verlassen, ich bin nicht mehr berufst\u00e4tig und so kann ich nicht nur wieder frei zur Gitarre greifen und neue Lieder schreiben, sondern auch wieder Konzerte geben. Vor allem konnte ich 2022 neue Studioaufnahmen der Lieder machen.<\/p>\n\n\n\n<figure class=\"wp-block-image size-large\"><img loading=\"lazy\" decoding=\"async\" width=\"1024\" height=\"914\" src=\"https:\/\/www.gery-de-stefano.de\/de\/wp-content\/uploads\/sites\/2\/2023\/03\/Cover-Gery-1024x914.jpg\" alt=\"\" class=\"wp-image-523\" srcset=\"https:\/\/www.gery-de-stefano.de\/de\/wp-content\/uploads\/sites\/2\/2023\/03\/Cover-Gery-1024x914.jpg 1024w, https:\/\/www.gery-de-stefano.de\/de\/wp-content\/uploads\/sites\/2\/2023\/03\/Cover-Gery-300x268.jpg 300w, https:\/\/www.gery-de-stefano.de\/de\/wp-content\/uploads\/sites\/2\/2023\/03\/Cover-Gery-768x686.jpg 768w, https:\/\/www.gery-de-stefano.de\/de\/wp-content\/uploads\/sites\/2\/2023\/03\/Cover-Gery-1536x1372.jpg 1536w, https:\/\/www.gery-de-stefano.de\/de\/wp-content\/uploads\/sites\/2\/2023\/03\/Cover-Gery.jpg 1653w\" sizes=\"auto, (max-width: 1024px) 100vw, 1024px\" \/><\/figure>\n\n\n\n<figure class=\"wp-block-image size-large\"><img loading=\"lazy\" decoding=\"async\" width=\"1024\" height=\"914\" src=\"https:\/\/www.gery-de-stefano.de\/de\/wp-content\/uploads\/sites\/2\/2023\/03\/Cover-back-Gery-1024x914.jpg\" alt=\"\" class=\"wp-image-522\" srcset=\"https:\/\/www.gery-de-stefano.de\/de\/wp-content\/uploads\/sites\/2\/2023\/03\/Cover-back-Gery-1024x914.jpg 1024w, https:\/\/www.gery-de-stefano.de\/de\/wp-content\/uploads\/sites\/2\/2023\/03\/Cover-back-Gery-300x268.jpg 300w, https:\/\/www.gery-de-stefano.de\/de\/wp-content\/uploads\/sites\/2\/2023\/03\/Cover-back-Gery-768x686.jpg 768w, https:\/\/www.gery-de-stefano.de\/de\/wp-content\/uploads\/sites\/2\/2023\/03\/Cover-back-Gery-1536x1372.jpg 1536w, https:\/\/www.gery-de-stefano.de\/de\/wp-content\/uploads\/sites\/2\/2023\/03\/Cover-back-Gery.jpg 1653w\" sizes=\"auto, (max-width: 1024px) 100vw, 1024px\" \/><\/figure>\n\n\n\n<p class=\"has-tertiary-background-color has-background has-small-font-size\">Es war eine tolle Erfahrung im Tonstudio mit Olaf!<\/p>\n\n\n\n<figure class=\"wp-block-image size-large\"><img loading=\"lazy\" decoding=\"async\" width=\"1024\" height=\"576\" src=\"https:\/\/www.gery-de-stefano.de\/de\/wp-content\/uploads\/sites\/2\/2023\/03\/13-20220608_103019-1024x576.jpg\" alt=\"\" class=\"wp-image-508\" srcset=\"https:\/\/www.gery-de-stefano.de\/de\/wp-content\/uploads\/sites\/2\/2023\/03\/13-20220608_103019-1024x576.jpg 1024w, https:\/\/www.gery-de-stefano.de\/de\/wp-content\/uploads\/sites\/2\/2023\/03\/13-20220608_103019-300x169.jpg 300w, https:\/\/www.gery-de-stefano.de\/de\/wp-content\/uploads\/sites\/2\/2023\/03\/13-20220608_103019-768x432.jpg 768w, https:\/\/www.gery-de-stefano.de\/de\/wp-content\/uploads\/sites\/2\/2023\/03\/13-20220608_103019-1536x864.jpg 1536w, https:\/\/www.gery-de-stefano.de\/de\/wp-content\/uploads\/sites\/2\/2023\/03\/13-20220608_103019-2048x1152.jpg 2048w\" sizes=\"auto, (max-width: 1024px) 100vw, 1024px\" \/><figcaption class=\"wp-element-caption\">Olaf am Mischpult<\/figcaption><\/figure>\n\n\n\n<figure class=\"wp-block-image size-full\"><img loading=\"lazy\" decoding=\"async\" width=\"1024\" height=\"1020\" src=\"https:\/\/www.gery-de-stefano.de\/de\/wp-content\/uploads\/sites\/2\/2023\/03\/14-c-signal-2022-10-08-22-13-43-036-2.jpg\" alt=\"\" class=\"wp-image-509\" srcset=\"https:\/\/www.gery-de-stefano.de\/de\/wp-content\/uploads\/sites\/2\/2023\/03\/14-c-signal-2022-10-08-22-13-43-036-2.jpg 1024w, https:\/\/www.gery-de-stefano.de\/de\/wp-content\/uploads\/sites\/2\/2023\/03\/14-c-signal-2022-10-08-22-13-43-036-2-300x300.jpg 300w, https:\/\/www.gery-de-stefano.de\/de\/wp-content\/uploads\/sites\/2\/2023\/03\/14-c-signal-2022-10-08-22-13-43-036-2-150x150.jpg 150w, https:\/\/www.gery-de-stefano.de\/de\/wp-content\/uploads\/sites\/2\/2023\/03\/14-c-signal-2022-10-08-22-13-43-036-2-768x765.jpg 768w\" sizes=\"auto, (max-width: 1024px) 100vw, 1024px\" \/><figcaption class=\"wp-element-caption\">Mit Christian am Cello<\/figcaption><\/figure>\n\n\n\n<figure class=\"wp-block-image size-large\"><img loading=\"lazy\" decoding=\"async\" width=\"781\" height=\"1024\" src=\"https:\/\/www.gery-de-stefano.de\/de\/wp-content\/uploads\/sites\/2\/2023\/03\/12-20220608_102920-2-781x1024.jpg\" alt=\"\" class=\"wp-image-550\" srcset=\"https:\/\/www.gery-de-stefano.de\/de\/wp-content\/uploads\/sites\/2\/2023\/03\/12-20220608_102920-2-781x1024.jpg 781w, https:\/\/www.gery-de-stefano.de\/de\/wp-content\/uploads\/sites\/2\/2023\/03\/12-20220608_102920-2-229x300.jpg 229w, https:\/\/www.gery-de-stefano.de\/de\/wp-content\/uploads\/sites\/2\/2023\/03\/12-20220608_102920-2-768x1007.jpg 768w, https:\/\/www.gery-de-stefano.de\/de\/wp-content\/uploads\/sites\/2\/2023\/03\/12-20220608_102920-2-1171x1536.jpg 1171w, https:\/\/www.gery-de-stefano.de\/de\/wp-content\/uploads\/sites\/2\/2023\/03\/12-20220608_102920-2-1562x2048.jpg 1562w, https:\/\/www.gery-de-stefano.de\/de\/wp-content\/uploads\/sites\/2\/2023\/03\/12-20220608_102920-2.jpg 1836w\" sizes=\"auto, (max-width: 781px) 100vw, 781px\" \/><figcaption class=\"wp-element-caption\">Pierre am Saxophon                                <\/figcaption><\/figure>\n","protected":false},"excerpt":{"rendered":"<p>Foto: privat Hallo! Willkommen! Ben arrivati! Welcome! Ich lade euch ein,&nbsp; mit mir zu kommen, &nbsp;meine Lieder kennenzulernen und die Geschichten, die dahinter stehen.Auf &#8220;Home&#8221; steht, was mich im Augenblick bewegt und wie ich \u00fcberhaupt zu meinen Liedern kam.Die weiteren Seiten findet ihr durch einen Click oben rechts auf das Zeichen = Unter &#8220;News&#8220; findet [&hellip;]<\/p>\n","protected":false},"author":1,"featured_media":0,"parent":0,"menu_order":0,"comment_status":"closed","ping_status":"closed","template":"","meta":{"_uag_custom_page_level_css":"","footnotes":""},"class_list":["post-16","page","type-page","status-publish","hentry"],"featured_image_src":null,"uagb_featured_image_src":{"full":false,"thumbnail":false,"medium":false,"medium_large":false,"large":false,"1536x1536":false,"2048x2048":false,"audioigniter_cover":false},"uagb_author_info":{"display_name":"Gery","author_link":"https:\/\/www.gery-de-stefano.de\/de\/author\/gery\/"},"uagb_comment_info":0,"uagb_excerpt":"Foto: privat Hallo! Willkommen! Ben arrivati! Welcome! Ich lade euch ein,&nbsp; mit mir zu kommen, &nbsp;meine Lieder kennenzulernen und die Geschichten, die dahinter stehen.Auf &#8220;Home&#8221; steht, was mich im Augenblick bewegt und wie ich \u00fcberhaupt zu meinen Liedern kam.Die weiteren Seiten findet ihr durch einen Click oben rechts auf das Zeichen = Unter &#8220;News&#8220; findet&hellip;","_links":{"self":[{"href":"https:\/\/www.gery-de-stefano.de\/de\/wp-json\/wp\/v2\/pages\/16","targetHints":{"allow":["GET"]}}],"collection":[{"href":"https:\/\/www.gery-de-stefano.de\/de\/wp-json\/wp\/v2\/pages"}],"about":[{"href":"https:\/\/www.gery-de-stefano.de\/de\/wp-json\/wp\/v2\/types\/page"}],"author":[{"embeddable":true,"href":"https:\/\/www.gery-de-stefano.de\/de\/wp-json\/wp\/v2\/users\/1"}],"replies":[{"embeddable":true,"href":"https:\/\/www.gery-de-stefano.de\/de\/wp-json\/wp\/v2\/comments?post=16"}],"version-history":[{"count":39,"href":"https:\/\/www.gery-de-stefano.de\/de\/wp-json\/wp\/v2\/pages\/16\/revisions"}],"predecessor-version":[{"id":1438,"href":"https:\/\/www.gery-de-stefano.de\/de\/wp-json\/wp\/v2\/pages\/16\/revisions\/1438"}],"wp:attachment":[{"href":"https:\/\/www.gery-de-stefano.de\/de\/wp-json\/wp\/v2\/media?parent=16"}],"curies":[{"name":"wp","href":"https:\/\/api.w.org\/{rel}","templated":true}]}}